{"id":889,"date":"2022-10-23T10:43:18","date_gmt":"2022-10-23T08:43:18","guid":{"rendered":"https:\/\/villa-europa-kreta.com\/standort\/"},"modified":"2023-12-09T11:26:31","modified_gmt":"2023-12-09T10:26:31","slug":"standort","status":"publish","type":"page","link":"https:\/\/villa-europa-kreta.com\/de\/standort\/","title":{"rendered":"Lage"},"content":{"rendered":"\n<div class=\"wp-block-media-text alignwide is-stacked-on-mobile is-image-fill\"><figure class=\"wp-block-media-text__media\" style=\"background-image:url(https:\/\/villa-europa-kreta.com\/wp-content\/uploads\/2022\/10\/2-3.jpg);background-position:65% 57%\"><img loading=\"lazy\" decoding=\"async\" width=\"1000\" height=\"561\" src=\"https:\/\/villa-europa-kreta.com\/wp-content\/uploads\/2022\/10\/2-3.jpg\" alt=\"\" class=\"wp-image-244 size-full\" srcset=\"https:\/\/villa-europa-kreta.com\/wp-content\/uploads\/2022\/10\/2-3.jpg 1000w, https:\/\/villa-europa-kreta.com\/wp-content\/uploads\/2022\/10\/2-3-300x168.jpg 300w, https:\/\/villa-europa-kreta.com\/wp-content\/uploads\/2022\/10\/2-3-768x431.jpg 768w\" sizes=\"auto, (max-width: 1000px) 100vw, 1000px\" \/><\/figure><div class=\"wp-block-media-text__content\">\n<p><strong>Die besten Reiseziele der Welt &#8211; Insel Kreta<\/strong><\/p>\n\n\n\n<p>Die freistehende Villa Europa verw\u00f6hnt die G\u00e4ste mit atemberaubenden Ausblicken und einer sanften Sommerbrise. Dieses Anwesen ist der ideale Ort f\u00fcr Ihre Familie.<br\/>Diese wunderbare Villa auf einem H\u00fcgel im Hinterland des K\u00fcstendorfes Kolimbari ist der perfekte Ort f\u00fcr unsere anspruchsvollen G\u00e4ste. Die Villa Europa kombiniert perfekt die authentische Architektur mit modernem Wohnkomfort. Die Villa Europa hat es sich zur Aufgabe gemacht, einen Zufluchtsort f\u00fcr Reisende zu schaffen, die die Lebensqualit\u00e4t eines F\u00fcnf-Sterne-Hotels w\u00fcnschen und dabei eine privatere Umgebung bevorzugen. Gro\u00dfz\u00fcgige offene K\u00fcche mit 2 Essbereichen (innen und au\u00dfen im Patio), gro\u00dfe Panoramafenster und der riesige Garten auf verschiedenen Ebenen bieten luxuri\u00f6sen Komfort und ein mediterranes Ambiente. Im S\u00fcden liegen die attraktiven Hochebenen der White Mountains. Die Landschaft ist spektakul\u00e4r, vor allem der Panoramablick auf die umliegenden D\u00f6rfer.<br\/>Entspannung und Erholung in den ruhigen Sitzecken im gro\u00dfen Garten mit einem Yoga-Plateau.<\/p>\n<\/div><\/div>\n\n<div class=\"wp-block-columns is-layout-flex wp-container-core-columns-is-layout-9d6595d7 wp-block-columns-is-layout-flex\">\n<div class=\"wp-block-column is-layout-flow wp-block-column-is-layout-flow\">\n<p><\/p>\n<\/div>\n<\/div>\n\n<div class=\"wp-block-media-text alignwide is-stacked-on-mobile is-image-fill\"><figure class=\"wp-block-media-text__media\" style=\"background-image:url(https:\/\/villa-europa-kreta.com\/wp-content\/uploads\/2022\/10\/villa-europa-map-1024x431.jpg);background-position:50% 50%\"><img loading=\"lazy\" decoding=\"async\" width=\"1024\" height=\"431\" src=\"https:\/\/villa-europa-kreta.com\/wp-content\/uploads\/2022\/10\/villa-europa-map-1024x431.jpg\" alt=\"\" class=\"wp-image-175 size-full\" srcset=\"https:\/\/villa-europa-kreta.com\/wp-content\/uploads\/2022\/10\/villa-europa-map-1024x431.jpg 1024w, https:\/\/villa-europa-kreta.com\/wp-content\/uploads\/2022\/10\/villa-europa-map-300x126.jpg 300w, https:\/\/villa-europa-kreta.com\/wp-content\/uploads\/2022\/10\/villa-europa-map-768x323.jpg 768w, https:\/\/villa-europa-kreta.com\/wp-content\/uploads\/2022\/10\/villa-europa-map.jpg 1281w\" sizes=\"auto, (max-width: 1024px) 100vw, 1024px\" \/><\/figure><div class=\"wp-block-media-text__content\">\n<p>Nur 5 Minuten Fahrt zum Strand des K\u00fcstendorfes Tavronitis mit Einkaufsm\u00f6glichkeiten und 10 Minuten Fahrt zum Dorf Kolimbari mit einer Vielzahl von traditionellen Tavernen, die lokale K\u00fcche anbieten. Zur malerischen Altstadt von Chania sind es nur 35 Autominuten.<\/p>\n\n\n\n<p>Die Lagune Elafonissi, die Lagune Balos (kann als Tagesausflug gebucht werden) und die Str\u00e4nde von Falassarna sind leicht zu erreichen, um die Naturschutzgebiete im Westen Kretas zu erkunden.<br\/>f\u00fcr sportliche G\u00e4ste empfehlen wir die Wanderung durch die Samaria-Schlucht oder unsere Wandertour durch die Agia Irini-Schlucht Diese Wandertouren und Tagesausfl\u00fcge k\u00f6nnen Sie bei uns buchen auf kreta.com<br\/>Senden Sie uns eine Anfrage mit Ihren W\u00fcnschen und Sie erhalten ma\u00dfgeschneiderte Vorschl\u00e4ge und Reiseideen f\u00fcr Ihren Urlaub auf Kreta. Nehmen Sie sich Zeit, damit Ihre Reise ein Erfolg wird. Auf Anfrage: privates Segeln &#8211; Ausfl\u00fcge zur Lagune Balos und zum Strand von Menies.<\/p>\n<\/div><\/div>\n","protected":false},"excerpt":{"rendered":"<p>Die besten Reiseziele der Welt &#8211; Insel Kreta Die freistehende Villa Europa verw\u00f6hnt die G\u00e4ste mit atemberaubenden Ausblicken und einer sanften Sommerbrise. Dieses Anwesen ist &hellip; <\/p>\n","protected":false},"author":1,"featured_media":780,"parent":0,"menu_order":0,"comment_status":"closed","ping_status":"closed","template":"","meta":{"footnotes":""},"class_list":["post-889","page","type-page","status-publish","has-post-thumbnail","hentry","latest_post"],"yoast_head":"<!-- This site is optimized with the Yoast SEO plugin v22.3 - https:\/\/yoast.com\/wordpress\/plugins\/seo\/ -->\n<title>Standort - Villa Europa in Darmarochori - Vouves auf Kreta<\/title>\n<meta name=\"description\" content=\"Lage - Villa Europa in Darmarochori \/ Vouves Westen Kretas. Gebiet von Chania. Ein ruhiger Ort f\u00fcr einen perfekten Urlaub.\" \/>\n<meta name=\"robots\" content=\"index, follow, max-snippet:-1, max-image-preview:large, max-video-preview:-1\" \/>\n<link rel=\"canonical\" href=\"https:\/\/villa-europa-kreta.com\/de\/standort\/\" \/>\n<meta property=\"og:locale\" content=\"de_DE\" \/>\n<meta property=\"og:type\" content=\"article\" \/>\n<meta property=\"og:title\" content=\"Standort - Villa Europa in Darmarochori - Vouves auf Kreta\" \/>\n<meta property=\"og:description\" content=\"Lage - Villa Europa in Darmarochori \/ Vouves Westen Kretas. Gebiet von Chania. Ein ruhiger Ort f\u00fcr einen perfekten Urlaub.\" \/>\n<meta property=\"og:url\" content=\"https:\/\/villa-europa-kreta.com\/de\/standort\/\" \/>\n<meta property=\"og:site_name\" content=\"Villa Europa\" \/>\n<meta property=\"article:modified_time\" content=\"2023-12-09T10:26:31+00:00\" \/>\n<meta property=\"og:image\" content=\"https:\/\/villa-europa-kreta.com\/wp-content\/uploads\/2022\/10\/20220617_201953-1-scaled.jpg\" \/>\n\t<meta property=\"og:image:width\" content=\"2560\" \/>\n\t<meta property=\"og:image:height\" content=\"1441\" \/>\n\t<meta property=\"og:image:type\" content=\"image\/jpeg\" \/>\n<meta name=\"twitter:card\" content=\"summary_large_image\" \/>\n<meta name=\"twitter:label1\" content=\"Gesch\u00e4tzte Lesezeit\" \/>\n\t<meta name=\"twitter:data1\" content=\"2\u00a0Minuten\" \/>\n<script type=\"application\/ld+json\" class=\"yoast-schema-graph\">{\"@context\":\"https:\/\/schema.org\",\"@graph\":[{\"@type\":\"WebPage\",\"@id\":\"https:\/\/villa-europa-kreta.com\/de\/standort\/\",\"url\":\"https:\/\/villa-europa-kreta.com\/de\/standort\/\",\"name\":\"Standort - Villa Europa in Darmarochori - Vouves auf Kreta\",\"isPartOf\":{\"@id\":\"https:\/\/villa-europa-kreta.com\/de\/#website\"},\"primaryImageOfPage\":{\"@id\":\"https:\/\/villa-europa-kreta.com\/de\/standort\/#primaryimage\"},\"image\":{\"@id\":\"https:\/\/villa-europa-kreta.com\/de\/standort\/#primaryimage\"},\"thumbnailUrl\":\"https:\/\/villa-europa-kreta.com\/wp-content\/uploads\/2022\/10\/20220617_201953-1-scaled.jpg\",\"datePublished\":\"2022-10-23T08:43:18+00:00\",\"dateModified\":\"2023-12-09T10:26:31+00:00\",\"description\":\"Lage - Villa Europa in Darmarochori \/ Vouves Westen Kretas. Gebiet von Chania. Ein ruhiger Ort f\u00fcr einen perfekten Urlaub.\",\"breadcrumb\":{\"@id\":\"https:\/\/villa-europa-kreta.com\/de\/standort\/#breadcrumb\"},\"inLanguage\":\"de\",\"potentialAction\":[{\"@type\":\"ReadAction\",\"target\":[\"https:\/\/villa-europa-kreta.com\/de\/standort\/\"]}]},{\"@type\":\"ImageObject\",\"inLanguage\":\"de\",\"@id\":\"https:\/\/villa-europa-kreta.com\/de\/standort\/#primaryimage\",\"url\":\"https:\/\/villa-europa-kreta.com\/wp-content\/uploads\/2022\/10\/20220617_201953-1-scaled.jpg\",\"contentUrl\":\"https:\/\/villa-europa-kreta.com\/wp-content\/uploads\/2022\/10\/20220617_201953-1-scaled.jpg\",\"width\":2560,\"height\":1441,\"caption\":\"Villa Europa Terrace\"},{\"@type\":\"BreadcrumbList\",\"@id\":\"https:\/\/villa-europa-kreta.com\/de\/standort\/#breadcrumb\",\"itemListElement\":[{\"@type\":\"ListItem\",\"position\":1,\"name\":\"Startseite\",\"item\":\"https:\/\/villa-europa-kreta.com\/de\/startseite\/\"},{\"@type\":\"ListItem\",\"position\":2,\"name\":\"Lage\"}]},{\"@type\":\"WebSite\",\"@id\":\"https:\/\/villa-europa-kreta.com\/de\/#website\",\"url\":\"https:\/\/villa-europa-kreta.com\/de\/\",\"name\":\"Villa Europa\",\"description\":\"Luxury Villa in Western Crete\",\"potentialAction\":[{\"@type\":\"SearchAction\",\"target\":{\"@type\":\"EntryPoint\",\"urlTemplate\":\"https:\/\/villa-europa-kreta.com\/de\/?s={search_term_string}\"},\"query-input\":\"required name=search_term_string\"}],\"inLanguage\":\"de\"}]}<\/script>\n<!-- \/ Yoast SEO plugin. -->","yoast_head_json":{"title":"Standort - Villa Europa in Darmarochori - Vouves auf Kreta","description":"Lage - Villa Europa in Darmarochori \/ Vouves Westen Kretas. Gebiet von Chania. Ein ruhiger Ort f\u00fcr einen perfekten Urlaub.","robots":{"index":"index","follow":"follow","max-snippet":"max-snippet:-1","max-image-preview":"max-image-preview:large","max-video-preview":"max-video-preview:-1"},"canonical":"https:\/\/villa-europa-kreta.com\/de\/standort\/","og_locale":"de_DE","og_type":"article","og_title":"Standort - Villa Europa in Darmarochori - Vouves auf Kreta","og_description":"Lage - Villa Europa in Darmarochori \/ Vouves Westen Kretas. Gebiet von Chania. Ein ruhiger Ort f\u00fcr einen perfekten Urlaub.","og_url":"https:\/\/villa-europa-kreta.com\/de\/standort\/","og_site_name":"Villa Europa","article_modified_time":"2023-12-09T10:26:31+00:00","og_image":[{"width":2560,"height":1441,"url":"https:\/\/villa-europa-kreta.com\/wp-content\/uploads\/2022\/10\/20220617_201953-1-scaled.jpg","type":"image\/jpeg"}],"twitter_card":"summary_large_image","twitter_misc":{"Gesch\u00e4tzte Lesezeit":"2\u00a0Minuten"},"schema":{"@context":"https:\/\/schema.org","@graph":[{"@type":"WebPage","@id":"https:\/\/villa-europa-kreta.com\/de\/standort\/","url":"https:\/\/villa-europa-kreta.com\/de\/standort\/","name":"Standort - Villa Europa in Darmarochori - Vouves auf Kreta","isPartOf":{"@id":"https:\/\/villa-europa-kreta.com\/de\/#website"},"primaryImageOfPage":{"@id":"https:\/\/villa-europa-kreta.com\/de\/standort\/#primaryimage"},"image":{"@id":"https:\/\/villa-europa-kreta.com\/de\/standort\/#primaryimage"},"thumbnailUrl":"https:\/\/villa-europa-kreta.com\/wp-content\/uploads\/2022\/10\/20220617_201953-1-scaled.jpg","datePublished":"2022-10-23T08:43:18+00:00","dateModified":"2023-12-09T10:26:31+00:00","description":"Lage - Villa Europa in Darmarochori \/ Vouves Westen Kretas. Gebiet von Chania. Ein ruhiger Ort f\u00fcr einen perfekten Urlaub.","breadcrumb":{"@id":"https:\/\/villa-europa-kreta.com\/de\/standort\/#breadcrumb"},"inLanguage":"de","potentialAction":[{"@type":"ReadAction","target":["https:\/\/villa-europa-kreta.com\/de\/standort\/"]}]},{"@type":"ImageObject","inLanguage":"de","@id":"https:\/\/villa-europa-kreta.com\/de\/standort\/#primaryimage","url":"https:\/\/villa-europa-kreta.com\/wp-content\/uploads\/2022\/10\/20220617_201953-1-scaled.jpg","contentUrl":"https:\/\/villa-europa-kreta.com\/wp-content\/uploads\/2022\/10\/20220617_201953-1-scaled.jpg","width":2560,"height":1441,"caption":"Villa Europa Terrace"},{"@type":"BreadcrumbList","@id":"https:\/\/villa-europa-kreta.com\/de\/standort\/#breadcrumb","itemListElement":[{"@type":"ListItem","position":1,"name":"Startseite","item":"https:\/\/villa-europa-kreta.com\/de\/startseite\/"},{"@type":"ListItem","position":2,"name":"Lage"}]},{"@type":"WebSite","@id":"https:\/\/villa-europa-kreta.com\/de\/#website","url":"https:\/\/villa-europa-kreta.com\/de\/","name":"Villa Europa","description":"Luxury Villa in Western Crete","potentialAction":[{"@type":"SearchAction","target":{"@type":"EntryPoint","urlTemplate":"https:\/\/villa-europa-kreta.com\/de\/?s={search_term_string}"},"query-input":"required name=search_term_string"}],"inLanguage":"de"}]}},"_links":{"self":[{"href":"https:\/\/villa-europa-kreta.com\/de\/wp-json\/wp\/v2\/pages\/889","targetHints":{"allow":["GET"]}}],"collection":[{"href":"https:\/\/villa-europa-kreta.com\/de\/wp-json\/wp\/v2\/pages"}],"about":[{"href":"https:\/\/villa-europa-kreta.com\/de\/wp-json\/wp\/v2\/types\/page"}],"author":[{"embeddable":true,"href":"https:\/\/villa-europa-kreta.com\/de\/wp-json\/wp\/v2\/users\/1"}],"replies":[{"embeddable":true,"href":"https:\/\/villa-europa-kreta.com\/de\/wp-json\/wp\/v2\/comments?post=889"}],"version-history":[{"count":6,"href":"https:\/\/villa-europa-kreta.com\/de\/wp-json\/wp\/v2\/pages\/889\/revisions"}],"predecessor-version":[{"id":974,"href":"https:\/\/villa-europa-kreta.com\/de\/wp-json\/wp\/v2\/pages\/889\/revisions\/974"}],"wp:featuredmedia":[{"embeddable":true,"href":"https:\/\/villa-europa-kreta.com\/de\/wp-json\/wp\/v2\/media\/780"}],"wp:attachment":[{"href":"https:\/\/villa-europa-kreta.com\/de\/wp-json\/wp\/v2\/media?parent=889"}],"curies":[{"name":"wp","href":"https:\/\/api.w.org\/{rel}","templated":true}]}}