{"id":911,"date":"2022-10-23T10:43:18","date_gmt":"2022-10-23T08:43:18","guid":{"rendered":"https:\/\/villa-europa-kreta.com\/einrichtungen\/"},"modified":"2023-12-09T10:38:59","modified_gmt":"2023-12-09T09:38:59","slug":"einrichtungen","status":"publish","type":"page","link":"https:\/\/villa-europa-kreta.com\/de\/einrichtungen\/","title":{"rendered":"Ausstattung"},"content":{"rendered":"\n<div class=\"wp-block-getwid-section alignfull alignfull getwid-section-content-custom-width\"><div class=\"wp-block-getwid-section__wrapper getwid-padding-left-medium getwid-padding-right-medium\"><div class=\"wp-block-getwid-section__inner-wrapper\" style=\"max-width:1140px\"><div class=\"wp-block-getwid-section__background-holder\"><div class=\"wp-block-getwid-section__background\"><\/div><div class=\"wp-block-getwid-section__foreground\"><\/div><\/div><div class=\"wp-block-getwid-section__content\"><div class=\"wp-block-getwid-section__inner-content\">\n<div class=\"wp-block-columns has-2-columns are-vertically-aligned-center is-layout-flex wp-container-core-columns-is-layout-9d6595d7 wp-block-columns-is-layout-flex\">\n<div class=\"wp-block-column is-vertically-aligned-top is-vertically-aligned-center is-layout-flow wp-block-column-is-layout-flow\">\n<div class=\"wp-block-getwid-advanced-heading\" style=\"margin-bottom:0px;margin-top:0px\"><span class=\"wp-block-getwid-advanced-heading__content\"><\/span><\/div>\n\n\n\n<div class=\"wp-block-getwid-advanced-heading has-custom-font-size\" style=\"font-size:56px;margin-bottom:30px;margin-top:10px\"><h2 class=\"wp-block-getwid-advanced-heading__content\" style=\"font-family:\"Allura\";font-weight:normal\">Einmalige Orte<\/h2><\/div>\n\n\n\n<p>Diese exklusive Villa ist auf drei Etagen verteilt und verf\u00fcgt \u00fcber spektakul\u00e4re G\u00e4rten und Terrassen mit herrlichem Blick auf die Berge und das Meer. Natursteinmauern umschlie\u00dfen das riesige Grundst\u00fcck von 2500 qm. Automatische Nachtbeleuchtung entlang der Mauer, Pool und Garten Ebene.  <\/p>\n\n\n\n<p><strong>Obere Etage:<\/strong> Die vollst\u00e4ndig \u00fcberdachte Panoramaterrasse mit bequemen Sofas zum Entspannen und mit Blick auf die atemberaubenden Sonnenunterg\u00e4nge ist der ideale Ort, um sich mit einem Buch und einem Glas Wein zu entspannen.<br\/><strong>Erdgeschoss:<\/strong> Die Terrasse bietet Platz f\u00fcr 8 Personen f\u00fcr Mahlzeiten im Freien und einen Chill-out-Bereich mit Blick auf den Garten und den Poolbereich. Der Essbereich im Freien ist ideal f\u00fcr angenehme Momente mit Familie und Freunden. Ger\u00e4umige und komfortable m\u00f6blierte Veranden bieten Ruhe im milden Klima des Mittelmeeres.<br\/><strong>Pool:<\/strong> gro\u00dfe 5 x 10 Meter (50m\u00b2) mit einem separaten Kinderbereich mit Sonnenschirmen und bequemen Liegen und Au\u00dfendusche. Der Pool bietet einen Blick auf die Berge und das Meer. Das 2500 qm gro\u00dfe Grundst\u00fcck ist von morgens bis abends von der Sonne verw\u00f6hnt. Die gro\u00dfen Fenster mit Panoramablick verleihen der Villa ein modernes, warmes und offenes Ambiente.<br\/><\/p>\n\n\n\n<p>Parkplatz f\u00fcr 4 Autos. Haus: 250 qm mit Keller, 4 Schlafzimmer, 3 B\u00e4der, gro\u00dfes Wohn-\/Esszimmer mit \u00fcberdachter Au\u00dfenterrasse (Sandsteinb\u00f6gen), zweites Wohnzimmer mit Nord- und Ostterrasse, Zentralheizung, gro\u00dfe Sitzecke im Garten mit Grill und Steinofen. Dies ist ein malerischer Ort f\u00fcr Familien, um ihre gemeinsame Zeit sinnvoll und unvergesslich zu gestalten.<br\/><\/p>\n<\/div>\n\n\n\n<div class=\"wp-block-column is-vertically-aligned-top is-vertically-aligned-center is-layout-flow wp-block-column-is-layout-flow\">\n<figure class=\"wp-block-image size-large\"><img loading=\"lazy\" decoding=\"async\" width=\"1024\" height=\"577\" src=\"https:\/\/villa-europa-kreta.com\/wp-content\/uploads\/2022\/10\/20220617_210203-1024x577.jpg\" alt=\"\" class=\"wp-image-167\" srcset=\"https:\/\/villa-europa-kreta.com\/wp-content\/uploads\/2022\/10\/20220617_210203-1024x577.jpg 1024w, https:\/\/villa-europa-kreta.com\/wp-content\/uploads\/2022\/10\/20220617_210203-300x169.jpg 300w, https:\/\/villa-europa-kreta.com\/wp-content\/uploads\/2022\/10\/20220617_210203-768x432.jpg 768w, https:\/\/villa-europa-kreta.com\/wp-content\/uploads\/2022\/10\/20220617_210203-1536x865.jpg 1536w, https:\/\/villa-europa-kreta.com\/wp-content\/uploads\/2022\/10\/20220617_210203-2048x1153.jpg 2048w\" sizes=\"auto, (max-width: 1024px) 100vw, 1024px\" \/><\/figure>\n\n\n<figure class=\"wp-block-image size-full size-large\"><img loading=\"lazy\" decoding=\"async\" width=\"1000\" height=\"563\" src=\"https:\/\/villa-europa-kreta.com\/wp-content\/uploads\/2022\/10\/Villa_Europa_2022_20.jpg\" alt=\"\" class=\"wp-image-280\" srcset=\"https:\/\/villa-europa-kreta.com\/wp-content\/uploads\/2022\/10\/Villa_Europa_2022_20.jpg 1000w, https:\/\/villa-europa-kreta.com\/wp-content\/uploads\/2022\/10\/Villa_Europa_2022_20-300x169.jpg 300w, https:\/\/villa-europa-kreta.com\/wp-content\/uploads\/2022\/10\/Villa_Europa_2022_20-768x432.jpg 768w\" sizes=\"auto, (max-width: 1000px) 100vw, 1000px\" \/><\/figure><\/div>\n<\/div>\n\n\n\n<div class=\"wp-block-columns has-2-columns are-vertically-aligned-center is-layout-flex wp-container-core-columns-is-layout-9d6595d7 wp-block-columns-is-layout-flex\">\n<div class=\"wp-block-column is-vertically-aligned-top is-vertically-aligned-center is-layout-flow wp-block-column-is-layout-flow\">\n<figure class=\"wp-block-image size-large\"><img loading=\"lazy\" decoding=\"async\" width=\"1024\" height=\"577\" src=\"https:\/\/villa-europa-kreta.com\/wp-content\/uploads\/2022\/10\/20220617_201953-1-1024x577.jpg\" alt=\"\" class=\"wp-image-170\" srcset=\"https:\/\/villa-europa-kreta.com\/wp-content\/uploads\/2022\/10\/20220617_201953-1-1024x577.jpg 1024w, https:\/\/villa-europa-kreta.com\/wp-content\/uploads\/2022\/10\/20220617_201953-1-300x169.jpg 300w, https:\/\/villa-europa-kreta.com\/wp-content\/uploads\/2022\/10\/20220617_201953-1-768x432.jpg 768w, https:\/\/villa-europa-kreta.com\/wp-content\/uploads\/2022\/10\/20220617_201953-1-1536x865.jpg 1536w, https:\/\/villa-europa-kreta.com\/wp-content\/uploads\/2022\/10\/20220617_201953-1-2048x1153.jpg 2048w\" sizes=\"auto, (max-width: 1024px) 100vw, 1024px\" \/><\/figure>\n\n\n<figure class=\"wp-block-image size-full size-large\"><img loading=\"lazy\" decoding=\"async\" width=\"1000\" height=\"563\" src=\"https:\/\/villa-europa-kreta.com\/wp-content\/uploads\/2022\/10\/Villa_Europa_2022_14-1.jpg\" alt=\"\" class=\"wp-image-275\" srcset=\"https:\/\/villa-europa-kreta.com\/wp-content\/uploads\/2022\/10\/Villa_Europa_2022_14-1.jpg 1000w, https:\/\/villa-europa-kreta.com\/wp-content\/uploads\/2022\/10\/Villa_Europa_2022_14-1-300x169.jpg 300w, https:\/\/villa-europa-kreta.com\/wp-content\/uploads\/2022\/10\/Villa_Europa_2022_14-1-768x432.jpg 768w\" sizes=\"auto, (max-width: 1000px) 100vw, 1000px\" \/><\/figure><\/div>\n\n\n\n<div class=\"wp-block-column is-vertically-aligned-top is-vertically-aligned-center is-layout-flow wp-block-column-is-layout-flow\">\n<div class=\"wp-block-getwid-advanced-heading has-custom-font-size\" style=\"font-size:56px;margin-bottom:30px;margin-top:10px\"><h2 class=\"wp-block-getwid-advanced-heading__content\" style=\"font-family:\"Allura\";font-weight:normal\">Entspannung und Erholung in den ruhigen Sitzecken im gro\u00dfen Garten  <\/h2><\/div>\n\n\n\n<p><\/p>\n\n\n\n<p><strong>Wohnbereich:<\/strong> Ihr Zuhause ist der Ort, an dem Sie sich entspannen m\u00f6chten. Das offene Wohnzimmer verf\u00fcgt \u00fcber 2 bequeme Sofas, auf dem Sie gemeinsam einen Film ansehen oder nach einem langen Tag Dolby-Surround-Musik h\u00f6ren oder ein Buch lesen k\u00f6nnen. Wundern Sie sich nicht, wenn die ganze Familie bei einem Filmabend auf diesem luxuri\u00f6sen, \u00fcbergro\u00dfen Sektionssofa einschl\u00e4ft. 65-Zoll-Flachbildschirm-Sat-TV Im Wohnzimmer finden Sie B\u00fccher (deutsch\/englisch) und DVD-Sammlung, Klavier (Euterpe\/Bechstein) mit Musikb\u00fcchern, zwei Schreibtische, gro\u00dfes Panoramafenster mit Blick auf die H\u00fcgel und das Mittelmeer und die umliegenden D\u00f6rfer.<\/p>\n\n\n\n<p><br\/>Allgemeine Reinigung 1 x pro Woche im Preis inbegriffen. Sie k\u00f6nnen eine Extra-Reinigung f\u00fcr das ganze Haus inklusive Wechsel der Bettw\u00e4sche und Handt\u00fccher buchen: 200 \u20ac.<br\/><\/p>\n\n\n\n<p>Check-out bis 10.00 Uhr, Check-in ab 14.00 Uhr. Pool-Service 2 x pro Woche, G\u00e4rtner 1 x pro Woche. Im Preis inbegriffen ist einmal pro Woche die allgemeine Reinigung. Dar\u00fcber hinaus haben Sie die M\u00f6glichkeit, t\u00e4glich einen Zimmerservice f\u00fcr 15 \u20ac pro Stunde zu buchen. Diese m\u00fcssen vor Ort direkt an das Zimmerm\u00e4dchen bezahlt werden. Normalerweise braucht sie 2 \u00bd bis 3 Stunden, um die Betten zu machen, die B\u00e4der und Balkone zu machen und die B\u00f6den zu fegen und zu reinigen. Bitte teilen Sie uns so bald wie m\u00f6glich mit, ob Sie den t\u00e4glichen Reinigungsdienst ben\u00f6tigen oder f\u00fcr wie viele Tage Sie den Reinigungsdienst zus\u00e4tzlich w\u00fcnschen.<\/p>\n<\/div>\n<\/div>\n\n\n\n<div class=\"wp-block-columns has-2-columns are-vertically-aligned-center is-layout-flex wp-container-core-columns-is-layout-9d6595d7 wp-block-columns-is-layout-flex\">\n<div class=\"wp-block-column is-vertically-aligned-top is-vertically-aligned-center is-layout-flow wp-block-column-is-layout-flow\">\n<figure class=\"wp-block-image size-large\"><img loading=\"lazy\" decoding=\"async\" width=\"1024\" height=\"577\" src=\"https:\/\/villa-europa-kreta.com\/wp-content\/uploads\/2022\/10\/20220617_085822-1024x577.jpg\" alt=\"\" class=\"wp-image-646\" srcset=\"https:\/\/villa-europa-kreta.com\/wp-content\/uploads\/2022\/10\/20220617_085822-1024x577.jpg 1024w, https:\/\/villa-europa-kreta.com\/wp-content\/uploads\/2022\/10\/20220617_085822-300x169.jpg 300w, https:\/\/villa-europa-kreta.com\/wp-content\/uploads\/2022\/10\/20220617_085822-768x432.jpg 768w, https:\/\/villa-europa-kreta.com\/wp-content\/uploads\/2022\/10\/20220617_085822-1536x865.jpg 1536w, https:\/\/villa-europa-kreta.com\/wp-content\/uploads\/2022\/10\/20220617_085822-2048x1153.jpg 2048w\" sizes=\"auto, (max-width: 1024px) 100vw, 1024px\" \/><\/figure><\/div>\n\n\n\n<div class=\"wp-block-column is-vertically-aligned-top is-vertically-aligned-center is-layout-flow wp-block-column-is-layout-flow\">\n<div class=\"wp-block-getwid-advanced-heading has-custom-font-size\" style=\"font-size:56px;margin-bottom:30px;margin-top:10px\"><h2 class=\"wp-block-getwid-advanced-heading__content\" style=\"font-family:\"Allura\";font-weight:normal\">Bitzi &amp; Ronja &#8211; unsere Freig\u00e4ngerkatzen freuen sich auf euch<\/h2><\/div>\n\n\n\n<p>Wir haben eine kleine Bitte. Das Haus hat 2 Freig\u00e4nger Katzen. Wir w\u00fcrden uns sehr freuen, wenn Sie die Katzen in unserer Abwesenheit f\u00fcttern k\u00f6nnten. Das Futter wird nat\u00fcrlich von uns bereitgestellt. Unsere G\u00e4ste hatten alle sehr viel Spa\u00df mit ihnen.<\/p>\n<\/div>\n<\/div>\n<\/div><\/div><\/div><\/div><\/div>\n\n<div class=\"wp-block-getwid-section has-inner-blocks-gap-small\"><div class=\"wp-block-getwid-section__wrapper\" style=\"padding-top:2px\"><div class=\"wp-block-getwid-section__inner-wrapper\"><div class=\"wp-block-getwid-section__background-holder\"><div class=\"wp-block-getwid-section__background\"><\/div><div class=\"wp-block-getwid-section__foreground\"><\/div><\/div><div class=\"wp-block-getwid-section__content\"><div class=\"wp-block-getwid-section__inner-content\">\n<div class=\"wp-block-columns is-layout-flex wp-container-core-columns-is-layout-9d6595d7 wp-block-columns-is-layout-flex\">\n<div class=\"wp-block-column is-layout-flow wp-block-column-is-layout-flow\">\n<div class=\"wp-block-getwid-icon-box has-text-center\"><div class=\"wp-block-getwid-icon-box__icon-container has-layout-stacked is-position-top\"><div class=\"wp-block-getwid-icon-box__icon-wrapper\"><i class=\"fas fa-home\"><\/i><\/div><\/div><div class=\"wp-block-getwid-icon-box__content\">\n<h6 class=\"has-text-align-center wp-block-heading\">private Villa<\/h6>\n\n\n\n<p><\/p>\n<\/div><\/div>\n<\/div>\n\n\n\n<div class=\"wp-block-column is-layout-flow wp-block-column-is-layout-flow\">\n<div class=\"wp-block-getwid-icon-box has-text-center\"><div class=\"wp-block-getwid-icon-box__icon-container has-layout-stacked is-position-top\"><div class=\"wp-block-getwid-icon-box__icon-wrapper\"><i class=\"fas fa-bed\"><\/i><\/div><\/div><div class=\"wp-block-getwid-icon-box__content\">\n<h6 class=\"has-text-align-center wp-block-heading\">4 Schlafzimmer<\/h6>\n\n\n\n<p><\/p>\n<\/div><\/div>\n<\/div>\n\n\n\n<div class=\"wp-block-column is-layout-flow wp-block-column-is-layout-flow\">\n<div class=\"wp-block-getwid-icon-box has-text-center\"><div class=\"wp-block-getwid-icon-box__icon-container has-layout-stacked is-position-top\"><div class=\"wp-block-getwid-icon-box__icon-wrapper\"><i class=\"fas fa-swimming-pool\"><\/i><\/div><\/div><div class=\"wp-block-getwid-icon-box__content\">\n<h6 class=\"has-text-align-center wp-block-heading\">50m\u00b2 Pool<\/h6>\n\n\n\n<p><\/p>\n<\/div><\/div>\n<\/div>\n\n\n\n<div class=\"wp-block-column is-layout-flow wp-block-column-is-layout-flow\">\n<div class=\"wp-block-getwid-icon-box has-text-center\"><div class=\"wp-block-getwid-icon-box__icon-container is-position-top\"><div class=\"wp-block-getwid-icon-box__icon-wrapper\"><i class=\"fas fa-wifi\"><\/i><\/div><\/div><div class=\"wp-block-getwid-icon-box__content\">\n<h6 class=\"wp-block-heading\">kostenloses Wifi  <\/h6>\n\n\n\n<p><\/p>\n<\/div><\/div>\n<\/div>\n\n\n\n<div class=\"wp-block-column is-layout-flow wp-block-column-is-layout-flow\">\n<div class=\"wp-block-getwid-icon-box has-text-center\"><div class=\"wp-block-getwid-icon-box__icon-container is-position-top\"><div class=\"wp-block-getwid-icon-box__icon-wrapper\"><i class=\"fas fa-bath\"><\/i><\/div><\/div><div class=\"wp-block-getwid-icon-box__content\">\n<h6 class=\"wp-block-heading\">3 Badezimmer<\/h6>\n\n\n\n<p><\/p>\n<\/div><\/div>\n<\/div>\n\n\n\n<div class=\"wp-block-column is-layout-flow wp-block-column-is-layout-flow\">\n<div class=\"wp-block-getwid-icon-box has-text-center\"><div class=\"wp-block-getwid-icon-box__icon-container is-position-top\"><div class=\"wp-block-getwid-icon-box__icon-wrapper\"><i class=\"fas fa-dog\"><\/i><\/div><\/div><div class=\"wp-block-getwid-icon-box__content\">\n<h6 class=\"wp-block-heading\">Haustierfreundlich<\/h6>\n\n\n\n<p><\/p>\n<\/div><\/div>\n<\/div>\n<\/div>\n<\/div><\/div><\/div><\/div><\/div>\n","protected":false},"excerpt":{"rendered":"","protected":false},"author":1,"featured_media":845,"parent":0,"menu_order":0,"comment_status":"closed","ping_status":"closed","template":"","meta":{"footnotes":""},"class_list":["post-911","page","type-page","status-publish","has-post-thumbnail","hentry","latest_post"],"yoast_head":"<!-- This site is optimized with the Yoast SEO plugin v22.3 - https:\/\/yoast.com\/wordpress\/plugins\/seo\/ -->\n<title>Villa Europa Einrichtungen<\/title>\n<meta name=\"robots\" content=\"index, follow, max-snippet:-1, max-image-preview:large, max-video-preview:-1\" \/>\n<link rel=\"canonical\" href=\"https:\/\/villa-europa-kreta.com\/de\/einrichtungen\/\" \/>\n<meta property=\"og:locale\" content=\"de_DE\" \/>\n<meta property=\"og:type\" content=\"article\" \/>\n<meta property=\"og:title\" content=\"Villa Europa Einrichtungen\" \/>\n<meta property=\"og:url\" content=\"https:\/\/villa-europa-kreta.com\/de\/einrichtungen\/\" \/>\n<meta property=\"og:site_name\" content=\"Villa Europa\" \/>\n<meta property=\"article:modified_time\" content=\"2023-12-09T09:38:59+00:00\" \/>\n<meta property=\"og:image\" content=\"https:\/\/villa-europa-kreta.com\/wp-content\/uploads\/2022\/10\/20220617_210509-scaled.jpg\" \/>\n\t<meta property=\"og:image:width\" content=\"2560\" \/>\n\t<meta property=\"og:image:height\" content=\"1441\" \/>\n\t<meta property=\"og:image:type\" content=\"image\/jpeg\" \/>\n<meta name=\"twitter:card\" content=\"summary_large_image\" \/>\n<meta name=\"twitter:label1\" content=\"Gesch\u00e4tzte Lesezeit\" \/>\n\t<meta name=\"twitter:data1\" content=\"3\u00a0Minuten\" \/>\n<script type=\"application\/ld+json\" class=\"yoast-schema-graph\">{\"@context\":\"https:\/\/schema.org\",\"@graph\":[{\"@type\":\"WebPage\",\"@id\":\"https:\/\/villa-europa-kreta.com\/de\/einrichtungen\/\",\"url\":\"https:\/\/villa-europa-kreta.com\/de\/einrichtungen\/\",\"name\":\"Villa Europa Einrichtungen\",\"isPartOf\":{\"@id\":\"https:\/\/villa-europa-kreta.com\/de\/#website\"},\"primaryImageOfPage\":{\"@id\":\"https:\/\/villa-europa-kreta.com\/de\/einrichtungen\/#primaryimage\"},\"image\":{\"@id\":\"https:\/\/villa-europa-kreta.com\/de\/einrichtungen\/#primaryimage\"},\"thumbnailUrl\":\"https:\/\/villa-europa-kreta.com\/wp-content\/uploads\/2022\/10\/20220617_210509-scaled.jpg\",\"datePublished\":\"2022-10-23T08:43:18+00:00\",\"dateModified\":\"2023-12-09T09:38:59+00:00\",\"breadcrumb\":{\"@id\":\"https:\/\/villa-europa-kreta.com\/de\/einrichtungen\/#breadcrumb\"},\"inLanguage\":\"de\",\"potentialAction\":[{\"@type\":\"ReadAction\",\"target\":[\"https:\/\/villa-europa-kreta.com\/de\/einrichtungen\/\"]}]},{\"@type\":\"ImageObject\",\"inLanguage\":\"de\",\"@id\":\"https:\/\/villa-europa-kreta.com\/de\/einrichtungen\/#primaryimage\",\"url\":\"https:\/\/villa-europa-kreta.com\/wp-content\/uploads\/2022\/10\/20220617_210509-scaled.jpg\",\"contentUrl\":\"https:\/\/villa-europa-kreta.com\/wp-content\/uploads\/2022\/10\/20220617_210509-scaled.jpg\",\"width\":2560,\"height\":1441},{\"@type\":\"BreadcrumbList\",\"@id\":\"https:\/\/villa-europa-kreta.com\/de\/einrichtungen\/#breadcrumb\",\"itemListElement\":[{\"@type\":\"ListItem\",\"position\":1,\"name\":\"Startseite\",\"item\":\"https:\/\/villa-europa-kreta.com\/de\/startseite\/\"},{\"@type\":\"ListItem\",\"position\":2,\"name\":\"Ausstattung\"}]},{\"@type\":\"WebSite\",\"@id\":\"https:\/\/villa-europa-kreta.com\/de\/#website\",\"url\":\"https:\/\/villa-europa-kreta.com\/de\/\",\"name\":\"Villa Europa\",\"description\":\"Luxury Villa in Western Crete\",\"potentialAction\":[{\"@type\":\"SearchAction\",\"target\":{\"@type\":\"EntryPoint\",\"urlTemplate\":\"https:\/\/villa-europa-kreta.com\/de\/?s={search_term_string}\"},\"query-input\":\"required name=search_term_string\"}],\"inLanguage\":\"de\"}]}<\/script>\n<!-- \/ Yoast SEO plugin. -->","yoast_head_json":{"title":"Villa Europa Einrichtungen","robots":{"index":"index","follow":"follow","max-snippet":"max-snippet:-1","max-image-preview":"max-image-preview:large","max-video-preview":"max-video-preview:-1"},"canonical":"https:\/\/villa-europa-kreta.com\/de\/einrichtungen\/","og_locale":"de_DE","og_type":"article","og_title":"Villa Europa Einrichtungen","og_url":"https:\/\/villa-europa-kreta.com\/de\/einrichtungen\/","og_site_name":"Villa Europa","article_modified_time":"2023-12-09T09:38:59+00:00","og_image":[{"width":2560,"height":1441,"url":"https:\/\/villa-europa-kreta.com\/wp-content\/uploads\/2022\/10\/20220617_210509-scaled.jpg","type":"image\/jpeg"}],"twitter_card":"summary_large_image","twitter_misc":{"Gesch\u00e4tzte Lesezeit":"3\u00a0Minuten"},"schema":{"@context":"https:\/\/schema.org","@graph":[{"@type":"WebPage","@id":"https:\/\/villa-europa-kreta.com\/de\/einrichtungen\/","url":"https:\/\/villa-europa-kreta.com\/de\/einrichtungen\/","name":"Villa Europa Einrichtungen","isPartOf":{"@id":"https:\/\/villa-europa-kreta.com\/de\/#website"},"primaryImageOfPage":{"@id":"https:\/\/villa-europa-kreta.com\/de\/einrichtungen\/#primaryimage"},"image":{"@id":"https:\/\/villa-europa-kreta.com\/de\/einrichtungen\/#primaryimage"},"thumbnailUrl":"https:\/\/villa-europa-kreta.com\/wp-content\/uploads\/2022\/10\/20220617_210509-scaled.jpg","datePublished":"2022-10-23T08:43:18+00:00","dateModified":"2023-12-09T09:38:59+00:00","breadcrumb":{"@id":"https:\/\/villa-europa-kreta.com\/de\/einrichtungen\/#breadcrumb"},"inLanguage":"de","potentialAction":[{"@type":"ReadAction","target":["https:\/\/villa-europa-kreta.com\/de\/einrichtungen\/"]}]},{"@type":"ImageObject","inLanguage":"de","@id":"https:\/\/villa-europa-kreta.com\/de\/einrichtungen\/#primaryimage","url":"https:\/\/villa-europa-kreta.com\/wp-content\/uploads\/2022\/10\/20220617_210509-scaled.jpg","contentUrl":"https:\/\/villa-europa-kreta.com\/wp-content\/uploads\/2022\/10\/20220617_210509-scaled.jpg","width":2560,"height":1441},{"@type":"BreadcrumbList","@id":"https:\/\/villa-europa-kreta.com\/de\/einrichtungen\/#breadcrumb","itemListElement":[{"@type":"ListItem","position":1,"name":"Startseite","item":"https:\/\/villa-europa-kreta.com\/de\/startseite\/"},{"@type":"ListItem","position":2,"name":"Ausstattung"}]},{"@type":"WebSite","@id":"https:\/\/villa-europa-kreta.com\/de\/#website","url":"https:\/\/villa-europa-kreta.com\/de\/","name":"Villa Europa","description":"Luxury Villa in Western Crete","potentialAction":[{"@type":"SearchAction","target":{"@type":"EntryPoint","urlTemplate":"https:\/\/villa-europa-kreta.com\/de\/?s={search_term_string}"},"query-input":"required name=search_term_string"}],"inLanguage":"de"}]}},"_links":{"self":[{"href":"https:\/\/villa-europa-kreta.com\/de\/wp-json\/wp\/v2\/pages\/911","targetHints":{"allow":["GET"]}}],"collection":[{"href":"https:\/\/villa-europa-kreta.com\/de\/wp-json\/wp\/v2\/pages"}],"about":[{"href":"https:\/\/villa-europa-kreta.com\/de\/wp-json\/wp\/v2\/types\/page"}],"author":[{"embeddable":true,"href":"https:\/\/villa-europa-kreta.com\/de\/wp-json\/wp\/v2\/users\/1"}],"replies":[{"embeddable":true,"href":"https:\/\/villa-europa-kreta.com\/de\/wp-json\/wp\/v2\/comments?post=911"}],"version-history":[{"count":8,"href":"https:\/\/villa-europa-kreta.com\/de\/wp-json\/wp\/v2\/pages\/911\/revisions"}],"predecessor-version":[{"id":958,"href":"https:\/\/villa-europa-kreta.com\/de\/wp-json\/wp\/v2\/pages\/911\/revisions\/958"}],"wp:featuredmedia":[{"embeddable":true,"href":"https:\/\/villa-europa-kreta.com\/de\/wp-json\/wp\/v2\/media\/845"}],"wp:attachment":[{"href":"https:\/\/villa-europa-kreta.com\/de\/wp-json\/wp\/v2\/media?parent=911"}],"curies":[{"name":"wp","href":"https:\/\/api.w.org\/{rel}","templated":true}]}}