{"id":920,"date":"2022-10-23T10:43:18","date_gmt":"2022-10-23T08:43:18","guid":{"rendered":"https:\/\/villa-europa-kreta.com\/dinge-zu-tun-zu-sehen\/"},"modified":"2023-12-09T10:40:24","modified_gmt":"2023-12-09T09:40:24","slug":"dinge-zu-tun-zu-sehen","status":"publish","type":"page","link":"https:\/\/villa-europa-kreta.com\/de\/dinge-zu-tun-zu-sehen\/","title":{"rendered":"Highlights der Region"},"content":{"rendered":"\n<div class=\"wp-block-columns is-layout-flex wp-container-core-columns-is-layout-9d6595d7 wp-block-columns-is-layout-flex\">\n<div class=\"wp-block-column is-layout-flow wp-block-column-is-layout-flow\" style=\"flex-basis:66.66%\">\n<figure class=\"wp-block-embed is-type-video is-provider-vimeo wp-block-embed-vimeo wp-embed-aspect-16-9 wp-has-aspect-ratio\"><div class=\"wp-block-embed__wrapper\">\n<iframe loading=\"lazy\" src=\"https:\/\/player.vimeo.com\/video\/311085900?dnt=1&amp;app_id=122963\" width=\"824\" height=\"464\" frameborder=\"0\" allow=\"autoplay; fullscreen; picture-in-picture\"><\/iframe>\n<\/div><\/figure>\n<\/div>\n\n\n\n<div class=\"wp-block-column is-layout-flow wp-block-column-is-layout-flow\" style=\"flex-basis:33.33%\">\n<p style=\"font-size:18px\"><strong>Falassarna ist einer der sch\u00f6nsten Str\u00e4nde Europas im Westen Kretas.<\/strong><br\/>Falassarna ist ein gesch\u00fctztes Naturschutzgebiet mit D\u00fcnen an der Westk\u00fcste Kretas. Er erstreckt sich \u00fcber eine L\u00e4nge von etwa 2 km mit 5 verschiedenen Buchten. Der exotische Strand Falassarna ist ein Paradies und einer der TOP-Str\u00e4nde Europas. Es liegt 60 km westlich von Chania-Stadt und nur 15 Autominuten vom K\u00fcstendorf Kolimbari entfernt. Es gibt zwei Wassersportstationen, die Stand Up Boards (SUP), Surfen und Kitesurfen anbieten. Das Gebiet besteht aus mehreren Sandstr\u00e4nden und ein paar kleinen Wohnh\u00e4usern. Es gibt zwei Beach Clubs mit guter Musik, in denen Fast Food angeboten wird, und 5 sehr gute Restaurants.  <\/p>\n<\/div>\n<\/div>\n\n<div class=\"wp-block-columns is-layout-flex wp-container-core-columns-is-layout-9d6595d7 wp-block-columns-is-layout-flex\">\n<div class=\"wp-block-column is-layout-flow wp-block-column-is-layout-flow\">\n<p style=\"font-size:18px\">Die Strandclubs bieten auch Liegest\u00fchle und Sonnenschirme an. Es gibt keine Gesch\u00e4fte. Am gro\u00dfen Strand gibt es 2 Wassersportstationen, zur n\u00e4chsten gr\u00f6\u00dferen Stadt Kissamsos mit Krankenhaus 14,4 km ca. 25 Autominuten. Hier finden Sie mehrere Geldautomaten, Gesch\u00e4fte, Friseure sowie mehrere Banken und Apotheken. Highlight in Falassarna sind die Ausgrabungen der antiken Hafenstadt Polirinia aus dem 6. Jahrhundert vor Christus. Die Ausgrabungen befinden sich am Ende der Bucht, wo sie felsig ist. Am n\u00f6rdlichen Ende von Falassrana befinden sich die Ruinen der alten griechisch-r\u00f6mischen Stadt Falassarna. Mein Lieblingsplatz dort ist der geschnitzte Steinthron. Was f\u00fcr eine Funktion sie hatte, ist noch unklar. Der Thron befindet sich s\u00fcdlich der Ausgrabungen und jeder kann sich hineinsetzen, was ich nat\u00fcrlich genossen habe!<\/p>\n<\/div>\n<\/div>\n\n<div class=\"wp-block-columns is-layout-flex wp-container-core-columns-is-layout-9d6595d7 wp-block-columns-is-layout-flex\">\n<div class=\"wp-block-column is-layout-flow wp-block-column-is-layout-flow\" style=\"flex-basis:66.66%\">\n<figure class=\"wp-block-embed aligncenter is-type-video is-provider-vimeo wp-block-embed-vimeo wp-embed-aspect-16-9 wp-has-aspect-ratio\"><div class=\"wp-block-embed__wrapper\">\n<iframe loading=\"lazy\" src=\"https:\/\/player.vimeo.com\/video\/474186286?dnt=1&amp;app_id=122963\" width=\"824\" height=\"464\" frameborder=\"0\" allow=\"autoplay; fullscreen; picture-in-picture\"><\/iframe>\n<\/div><\/figure>\n<\/div>\n\n\n\n<div class=\"wp-block-column is-layout-flow wp-block-column-is-layout-flow\" style=\"flex-basis:33.33%\">\n<p style=\"font-size:18px\">Wir empfehlen die eint\u00e4gige Kreuzfahrt zur Insel Gramvousa nach <strong>&#8222;Balos&#8220;, der blauen Lagune.<\/strong> Diese erlebnisreiche Tagesfahrt nach Gramvousa ist besonders f\u00fcr Familien ein tolles Erlebnis. In der Sommersaison f\u00e4hrt das Boot &#8222;Gramvoussa-Express&#8220; jeden Morgen vom Hafen von Kissamos zur Gramvoussa. Sie k\u00f6nnen die Boat-Tickets bei uns auf Kreta.com buchen. Der Hafen von Kissamos befindet sich zwischen der Stadt Kastelli Kissamos und Kaliviani. Diese Route f\u00fchrt direkt an der K\u00fcste entlang. Zun\u00e4chst haben Sie die M\u00f6glichkeit, die ber\u00fchmte venezianische Burg zu besichtigen, die auf einem Felsen in 137 m H\u00f6he liegt.  <\/p>\n<\/div>\n<\/div>\n\n<div class=\"wp-block-columns is-layout-flex wp-container-core-columns-is-layout-9d6595d7 wp-block-columns-is-layout-flex\">\n<div class=\"wp-block-column is-layout-flow wp-block-column-is-layout-flow\">\n<p style=\"font-size:18px\">Dort genie\u00dfen Sie einen fantastischen Panoramablick auf die blaue Lagune &#8222;Balos&#8220;. F\u00fcr die Besichtigung der Burg haben Sie fast 1 1\/2 Stunden Zeit, danach geht es direkt weiter zur traumhaften blauen Lagune &#8222;Balos&#8220;. An diesem perfekten Traumstrand haben Sie gen\u00fcgend Zeit, um das azurblaue Meer zu genie\u00dfen.<\/p>\n<\/div>\n<\/div>\n\n<div class=\"wp-block-columns is-layout-flex wp-container-core-columns-is-layout-9d6595d7 wp-block-columns-is-layout-flex\">\n<div class=\"wp-block-column is-vertically-aligned-top is-layout-flow wp-block-column-is-layout-flow\" style=\"flex-basis:66.66%\">\n<figure class=\"wp-block-embed is-type-video is-provider-vimeo wp-block-embed-vimeo wp-embed-aspect-16-9 wp-has-aspect-ratio\"><div class=\"wp-block-embed__wrapper\">\n<iframe loading=\"lazy\" src=\"https:\/\/player.vimeo.com\/video\/308581095?dnt=1&amp;app_id=122963\" width=\"824\" height=\"464\" frameborder=\"0\" allow=\"autoplay; fullscreen; picture-in-picture\"><\/iframe>\n<\/div><\/figure>\n<\/div>\n\n\n\n<div class=\"wp-block-column is-vertically-aligned-top is-layout-flow wp-block-column-is-layout-flow\" style=\"flex-basis:33.33%\">\n<p class=\"has-text-align-left\" style=\"font-size:18px\"><strong>Die Lagune Elafonissi (Naturschutzgebiet)<\/strong><br\/>Sie k\u00f6nnen die Lagune Elafonissi mit dem Auto oder mit oder wie von uns angeboten Kreta.com als organisierten Tagesausflug in den S\u00fcden erreichen. Wir haben viele Abholstellen von der Nordwestk\u00fcste bis zum Naturschutzgebiet Elafonissi. Kontakt: info@kreta.com.<br\/>Elafonissi ist eine Lagune im S\u00fcdwesten von Kreta und eines der beliebtesten Naturschutzgebiete der Insel. Sandd\u00fcnen mit feinem Sand umschlie\u00dfen ein gro\u00dfes Gebiet. Kleine Sandinseln sind zu Fu\u00df erreichbar. Das Meer ist hier so seicht, dass man von Insel zu Insel laufen kann. Korallenriffe dienen als Wellenbrecher.  <\/p>\n<\/div>\n<\/div>\n\n<div class=\"wp-block-columns is-layout-flex wp-container-core-columns-is-layout-9d6595d7 wp-block-columns-is-layout-flex\">\n<div class=\"wp-block-column is-layout-flow wp-block-column-is-layout-flow\">\n<p style=\"font-size:18px\">  Feine Spuren roter Korallen hinterlassen eine Ablagerung am Ufer und bieten ein fantastisches Lichtspiel im Wasser.<br\/>Es liegt 49 km s\u00fcdlich des K\u00fcstendorfs Kolimbari, etwa 1 Stunde Fahrt und 1 Stunde 2o Minuten Fahrt von Chania-Stadt entfernt. Der Weg ist das Ziel. Auf der vorgelagerten Insel &#8222;Elafonissi&#8220; finden Sie einen Naturlehrpfad durch die D\u00fcnen.<\/p>\n<\/div>\n<\/div>\n\n<div class=\"wp-block-columns is-layout-flex wp-container-core-columns-is-layout-9d6595d7 wp-block-columns-is-layout-flex\">\n<div class=\"wp-block-column is-layout-flow wp-block-column-is-layout-flow\" style=\"flex-basis:66.66%\">\n<figure class=\"wp-block-embed aligncenter is-type-video is-provider-vimeo wp-block-embed-vimeo wp-embed-aspect-16-9 wp-has-aspect-ratio\"><div class=\"wp-block-embed__wrapper\">\n<iframe loading=\"lazy\" src=\"https:\/\/player.vimeo.com\/video\/477291847?dnt=1&amp;app_id=122963\" width=\"824\" height=\"464\" frameborder=\"0\" allow=\"autoplay; fullscreen; picture-in-picture\"><\/iframe>\n<\/div><\/figure>\n<\/div>\n\n\n\n<div class=\"wp-block-column is-layout-flow wp-block-column-is-layout-flow\" style=\"flex-basis:33.33%\">\n<p style=\"font-size:18px\"><strong>Menies Strand (oder Diktynna)<\/strong><br\/>Der Strand von Menies liegt 26 km nordwestlich von Kolimbari, an der nord\u00f6stlichen Spitze der Halbinsel Rodopou und am Ausgang der &#8222;Fountas&#8220;-Schlucht. Dieser sch\u00f6ne, abgelegene Strand mit Kieselsteinen und tiefblauem Wasser ist \u00fcber eine Schotterstra\u00dfe erreichbar. Es ist einer der sch\u00f6nsten geheimen Str\u00e4nde und ein ideales Ziel zum Entspannen, wenn Sie ein Boot mieten. Ab Kolimbari m\u00f6glich &#8211; auch ohne F\u00fchrerschein bis 15 PS Auf mehreren Kilometern gibt es keinerlei Annehmlichkeiten, also bringen Sie das N\u00f6tigste mit. Vom K\u00fcstendorf Kolimbari aus werden t\u00e4gliche Ausflugsfahrten angeboten. Bitte bedenken Sie, dass es sich bei diesem Schotterweg nicht um einen offiziellen Weg handelt und eine Versicherung einen Schaden an Ihrem Mietwagen nicht abdecken wird. Wir empfehlen, ein Boot zu mieten oder einen Ausflug zu buchen, der vom Dorf Kolimbari oder von Chania aus angeboten wird.<\/p>\n<\/div>\n<\/div>\n\n<div class=\"wp-block-columns is-layout-flex wp-container-core-columns-is-layout-9d6595d7 wp-block-columns-is-layout-flex\">\n<div class=\"wp-block-column is-layout-flow wp-block-column-is-layout-flow\" style=\"flex-basis:66.66%\">\n<figure class=\"wp-block-embed is-type-video is-provider-vimeo wp-block-embed-vimeo wp-embed-aspect-16-9 wp-has-aspect-ratio\"><div class=\"wp-block-embed__wrapper\">\n<iframe loading=\"lazy\" src=\"https:\/\/player.vimeo.com\/video\/476824578?dnt=1&amp;app_id=122963\" width=\"824\" height=\"464\" frameborder=\"0\" allow=\"autoplay; fullscreen; picture-in-picture\"><\/iframe>\n<\/div><\/figure>\n<\/div>\n\n\n\n<div class=\"wp-block-column is-layout-flow wp-block-column-is-layout-flow\" style=\"flex-basis:33.33%\">\n<p style=\"font-size:18px\"><strong>Besuchen Sie Paleochora<\/strong><br\/>Ein Tagesausflug in den S\u00fcdwesten Kretas: Das kleine Dorf Paleochora liegt etwa 75 km von Chania entfernt im S\u00fcdwesten Kretas. Die Fahrt von Tavronitis an der Nordk\u00fcste dauert etwa 70 Minuten. Die Umgebung ist fruchtbar, so dass noch viele Einheimische das Land bewirtschaften. Paleochora ist mit kleinen, familiengef\u00fchrten Hotels gewachsen. Die Traumstr\u00e4nde auf der Westseite und die urigen Tavernen auf der Ostseite bilden einen Rahmen um das kleine Dorf. Eine venezianische Festung, von der aus ich die Fotos gemacht habe, schlie\u00dft die Halbinsel. Paleochora ist auf den Ruinen der antiken Stadt Kalamydi erbaut.<\/p>\n<\/div>\n<\/div>\n\n<div class=\"wp-block-columns is-layout-flex wp-container-core-columns-is-layout-9d6595d7 wp-block-columns-is-layout-flex\">\n<div class=\"wp-block-column is-layout-flow wp-block-column-is-layout-flow\" style=\"flex-basis:66.66%\">\n<figure class=\"wp-block-embed is-type-video is-provider-vimeo wp-block-embed-vimeo wp-embed-aspect-16-9 wp-has-aspect-ratio\"><div class=\"wp-block-embed__wrapper\">\n<iframe loading=\"lazy\" src=\"https:\/\/player.vimeo.com\/video\/669432947?dnt=1&amp;app_id=122963\" width=\"824\" height=\"464\" frameborder=\"0\" allow=\"autoplay; fullscreen; picture-in-picture\"><\/iframe>\n<\/div><\/figure>\n<\/div>\n\n\n\n<div class=\"wp-block-column is-vertically-aligned-top is-layout-flow wp-block-column-is-layout-flow\" style=\"flex-basis:33.33%\">\n<p style=\"font-size:18px\">Das <strong>Naturschutzgebiet Kedrodasos Beach<\/strong> im S\u00fcden Kretas liegt 2,7 km s\u00fcdlich der Lagune Elafonissos und 47 km s\u00fcdlich der n\u00f6rdlichen K\u00fcstenstadt Kissamos (1 Autostunde). Die Str\u00e4nde von Elafonissos und Kedrodasos sind beide Teil des Europ\u00e4ischen Wanderwegs E4. Ein steiler Steinweg f\u00fchrt zu diesem versteckten Traumstrand und Naturschutzgebiet mit Zedern und Wacholderb\u00e4umen. Der Parkplatz liegt 15 Gehminuten vom Strand von Kedrodassos entfernt. Es handelt sich nicht um einen offiziellen Parkplatz, sondern um Parkpl\u00e4tze links und rechts einer kleinen Stra\u00dfe (jetzt auch gepflastert). Es gibt nicht viele Parkpl\u00e4tze. Der Weg zum Strand f\u00fchrt \u00fcber Stock und Stein entlang eines ausgetrockneten Rinnsals. Das kristallklare Wasser mit einem sanft abfallenden Sandstrand, der von einem vorspringenden Strand begrenzt wird, ist ein Paradies zum Schwimmen und Schnorcheln.<\/p>\n<\/div>\n<\/div>\n","protected":false},"excerpt":{"rendered":"<p>Falassarna ist einer der sch\u00f6nsten Str\u00e4nde Europas im Westen Kretas.Falassarna ist ein gesch\u00fctztes Naturschutzgebiet mit D\u00fcnen an der Westk\u00fcste Kretas. Er erstreckt sich \u00fcber eine &hellip; <\/p>\n","protected":false},"author":1,"featured_media":850,"parent":0,"menu_order":0,"comment_status":"closed","ping_status":"closed","template":"","meta":{"footnotes":""},"class_list":["post-920","page","type-page","status-publish","has-post-thumbnail","hentry","latest_post"],"yoast_head":"<!-- This site is optimized with the Yoast SEO plugin v22.3 - https:\/\/yoast.com\/wordpress\/plugins\/seo\/ -->\n<title>Aktivit\u00e4ten und Sehensw\u00fcrdigkeiten in Westkreta. Top 10 Spots mit Videos.<\/title>\n<meta name=\"description\" content=\"Aktivit\u00e4ten und Sehensw\u00fcrdigkeiten in Westkreta. Tipps f\u00fcr sch\u00f6ne Str\u00e4nde und Reiseziele. Perfekt f\u00fcr Touren mit dem Mietwagen in Chania.\" \/>\n<meta name=\"robots\" content=\"index, follow, max-snippet:-1, max-image-preview:large, max-video-preview:-1\" \/>\n<link rel=\"canonical\" href=\"https:\/\/villa-europa-kreta.com\/de\/dinge-zu-tun-zu-sehen\/\" \/>\n<meta property=\"og:locale\" content=\"de_DE\" \/>\n<meta property=\"og:type\" content=\"article\" \/>\n<meta property=\"og:title\" content=\"Aktivit\u00e4ten und Sehensw\u00fcrdigkeiten in Westkreta. Top 10 Spots mit Videos.\" \/>\n<meta property=\"og:description\" content=\"Aktivit\u00e4ten und Sehensw\u00fcrdigkeiten in Westkreta. Tipps f\u00fcr sch\u00f6ne Str\u00e4nde und Reiseziele. Perfekt f\u00fcr Touren mit dem Mietwagen in Chania.\" \/>\n<meta property=\"og:url\" content=\"https:\/\/villa-europa-kreta.com\/de\/dinge-zu-tun-zu-sehen\/\" \/>\n<meta property=\"og:site_name\" content=\"Villa Europa\" \/>\n<meta property=\"article:modified_time\" content=\"2023-12-09T09:40:24+00:00\" \/>\n<meta property=\"og:image\" content=\"https:\/\/villa-europa-kreta.com\/wp-content\/uploads\/2022\/10\/banner-things-to-see.jpg\" \/>\n\t<meta property=\"og:image:width\" content=\"1920\" \/>\n\t<meta property=\"og:image:height\" content=\"452\" \/>\n\t<meta property=\"og:image:type\" content=\"image\/jpeg\" \/>\n<meta name=\"twitter:card\" content=\"summary_large_image\" \/>\n<meta name=\"twitter:label1\" content=\"Gesch\u00e4tzte Lesezeit\" \/>\n\t<meta name=\"twitter:data1\" content=\"5\u00a0Minuten\" \/>\n<script type=\"application\/ld+json\" class=\"yoast-schema-graph\">{\"@context\":\"https:\/\/schema.org\",\"@graph\":[{\"@type\":\"WebPage\",\"@id\":\"https:\/\/villa-europa-kreta.com\/de\/dinge-zu-tun-zu-sehen\/\",\"url\":\"https:\/\/villa-europa-kreta.com\/de\/dinge-zu-tun-zu-sehen\/\",\"name\":\"Aktivit\u00e4ten und Sehensw\u00fcrdigkeiten in Westkreta. Top 10 Spots mit Videos.\",\"isPartOf\":{\"@id\":\"https:\/\/villa-europa-kreta.com\/de\/#website\"},\"primaryImageOfPage\":{\"@id\":\"https:\/\/villa-europa-kreta.com\/de\/dinge-zu-tun-zu-sehen\/#primaryimage\"},\"image\":{\"@id\":\"https:\/\/villa-europa-kreta.com\/de\/dinge-zu-tun-zu-sehen\/#primaryimage\"},\"thumbnailUrl\":\"https:\/\/villa-europa-kreta.com\/wp-content\/uploads\/2022\/10\/banner-things-to-see.jpg\",\"datePublished\":\"2022-10-23T08:43:18+00:00\",\"dateModified\":\"2023-12-09T09:40:24+00:00\",\"description\":\"Aktivit\u00e4ten und Sehensw\u00fcrdigkeiten in Westkreta. Tipps f\u00fcr sch\u00f6ne Str\u00e4nde und Reiseziele. Perfekt f\u00fcr Touren mit dem Mietwagen in Chania.\",\"breadcrumb\":{\"@id\":\"https:\/\/villa-europa-kreta.com\/de\/dinge-zu-tun-zu-sehen\/#breadcrumb\"},\"inLanguage\":\"de\",\"potentialAction\":[{\"@type\":\"ReadAction\",\"target\":[\"https:\/\/villa-europa-kreta.com\/de\/dinge-zu-tun-zu-sehen\/\"]}]},{\"@type\":\"ImageObject\",\"inLanguage\":\"de\",\"@id\":\"https:\/\/villa-europa-kreta.com\/de\/dinge-zu-tun-zu-sehen\/#primaryimage\",\"url\":\"https:\/\/villa-europa-kreta.com\/wp-content\/uploads\/2022\/10\/banner-things-to-see.jpg\",\"contentUrl\":\"https:\/\/villa-europa-kreta.com\/wp-content\/uploads\/2022\/10\/banner-things-to-see.jpg\",\"width\":1920,\"height\":452},{\"@type\":\"BreadcrumbList\",\"@id\":\"https:\/\/villa-europa-kreta.com\/de\/dinge-zu-tun-zu-sehen\/#breadcrumb\",\"itemListElement\":[{\"@type\":\"ListItem\",\"position\":1,\"name\":\"Startseite\",\"item\":\"https:\/\/villa-europa-kreta.com\/de\/startseite\/\"},{\"@type\":\"ListItem\",\"position\":2,\"name\":\"Highlights der Region\"}]},{\"@type\":\"WebSite\",\"@id\":\"https:\/\/villa-europa-kreta.com\/de\/#website\",\"url\":\"https:\/\/villa-europa-kreta.com\/de\/\",\"name\":\"Villa Europa\",\"description\":\"Luxury Villa in Western Crete\",\"potentialAction\":[{\"@type\":\"SearchAction\",\"target\":{\"@type\":\"EntryPoint\",\"urlTemplate\":\"https:\/\/villa-europa-kreta.com\/de\/?s={search_term_string}\"},\"query-input\":\"required name=search_term_string\"}],\"inLanguage\":\"de\"}]}<\/script>\n<!-- \/ Yoast SEO plugin. -->","yoast_head_json":{"title":"Aktivit\u00e4ten und Sehensw\u00fcrdigkeiten in Westkreta. Top 10 Spots mit Videos.","description":"Aktivit\u00e4ten und Sehensw\u00fcrdigkeiten in Westkreta. Tipps f\u00fcr sch\u00f6ne Str\u00e4nde und Reiseziele. Perfekt f\u00fcr Touren mit dem Mietwagen in Chania.","robots":{"index":"index","follow":"follow","max-snippet":"max-snippet:-1","max-image-preview":"max-image-preview:large","max-video-preview":"max-video-preview:-1"},"canonical":"https:\/\/villa-europa-kreta.com\/de\/dinge-zu-tun-zu-sehen\/","og_locale":"de_DE","og_type":"article","og_title":"Aktivit\u00e4ten und Sehensw\u00fcrdigkeiten in Westkreta. Top 10 Spots mit Videos.","og_description":"Aktivit\u00e4ten und Sehensw\u00fcrdigkeiten in Westkreta. Tipps f\u00fcr sch\u00f6ne Str\u00e4nde und Reiseziele. Perfekt f\u00fcr Touren mit dem Mietwagen in Chania.","og_url":"https:\/\/villa-europa-kreta.com\/de\/dinge-zu-tun-zu-sehen\/","og_site_name":"Villa Europa","article_modified_time":"2023-12-09T09:40:24+00:00","og_image":[{"width":1920,"height":452,"url":"https:\/\/villa-europa-kreta.com\/wp-content\/uploads\/2022\/10\/banner-things-to-see.jpg","type":"image\/jpeg"}],"twitter_card":"summary_large_image","twitter_misc":{"Gesch\u00e4tzte Lesezeit":"5\u00a0Minuten"},"schema":{"@context":"https:\/\/schema.org","@graph":[{"@type":"WebPage","@id":"https:\/\/villa-europa-kreta.com\/de\/dinge-zu-tun-zu-sehen\/","url":"https:\/\/villa-europa-kreta.com\/de\/dinge-zu-tun-zu-sehen\/","name":"Aktivit\u00e4ten und Sehensw\u00fcrdigkeiten in Westkreta. Top 10 Spots mit Videos.","isPartOf":{"@id":"https:\/\/villa-europa-kreta.com\/de\/#website"},"primaryImageOfPage":{"@id":"https:\/\/villa-europa-kreta.com\/de\/dinge-zu-tun-zu-sehen\/#primaryimage"},"image":{"@id":"https:\/\/villa-europa-kreta.com\/de\/dinge-zu-tun-zu-sehen\/#primaryimage"},"thumbnailUrl":"https:\/\/villa-europa-kreta.com\/wp-content\/uploads\/2022\/10\/banner-things-to-see.jpg","datePublished":"2022-10-23T08:43:18+00:00","dateModified":"2023-12-09T09:40:24+00:00","description":"Aktivit\u00e4ten und Sehensw\u00fcrdigkeiten in Westkreta. Tipps f\u00fcr sch\u00f6ne Str\u00e4nde und Reiseziele. Perfekt f\u00fcr Touren mit dem Mietwagen in Chania.","breadcrumb":{"@id":"https:\/\/villa-europa-kreta.com\/de\/dinge-zu-tun-zu-sehen\/#breadcrumb"},"inLanguage":"de","potentialAction":[{"@type":"ReadAction","target":["https:\/\/villa-europa-kreta.com\/de\/dinge-zu-tun-zu-sehen\/"]}]},{"@type":"ImageObject","inLanguage":"de","@id":"https:\/\/villa-europa-kreta.com\/de\/dinge-zu-tun-zu-sehen\/#primaryimage","url":"https:\/\/villa-europa-kreta.com\/wp-content\/uploads\/2022\/10\/banner-things-to-see.jpg","contentUrl":"https:\/\/villa-europa-kreta.com\/wp-content\/uploads\/2022\/10\/banner-things-to-see.jpg","width":1920,"height":452},{"@type":"BreadcrumbList","@id":"https:\/\/villa-europa-kreta.com\/de\/dinge-zu-tun-zu-sehen\/#breadcrumb","itemListElement":[{"@type":"ListItem","position":1,"name":"Startseite","item":"https:\/\/villa-europa-kreta.com\/de\/startseite\/"},{"@type":"ListItem","position":2,"name":"Highlights der Region"}]},{"@type":"WebSite","@id":"https:\/\/villa-europa-kreta.com\/de\/#website","url":"https:\/\/villa-europa-kreta.com\/de\/","name":"Villa Europa","description":"Luxury Villa in Western Crete","potentialAction":[{"@type":"SearchAction","target":{"@type":"EntryPoint","urlTemplate":"https:\/\/villa-europa-kreta.com\/de\/?s={search_term_string}"},"query-input":"required name=search_term_string"}],"inLanguage":"de"}]}},"_links":{"self":[{"href":"https:\/\/villa-europa-kreta.com\/de\/wp-json\/wp\/v2\/pages\/920","targetHints":{"allow":["GET"]}}],"collection":[{"href":"https:\/\/villa-europa-kreta.com\/de\/wp-json\/wp\/v2\/pages"}],"about":[{"href":"https:\/\/villa-europa-kreta.com\/de\/wp-json\/wp\/v2\/types\/page"}],"author":[{"embeddable":true,"href":"https:\/\/villa-europa-kreta.com\/de\/wp-json\/wp\/v2\/users\/1"}],"replies":[{"embeddable":true,"href":"https:\/\/villa-europa-kreta.com\/de\/wp-json\/wp\/v2\/comments?post=920"}],"version-history":[{"count":8,"href":"https:\/\/villa-europa-kreta.com\/de\/wp-json\/wp\/v2\/pages\/920\/revisions"}],"predecessor-version":[{"id":960,"href":"https:\/\/villa-europa-kreta.com\/de\/wp-json\/wp\/v2\/pages\/920\/revisions\/960"}],"wp:featuredmedia":[{"embeddable":true,"href":"https:\/\/villa-europa-kreta.com\/de\/wp-json\/wp\/v2\/media\/850"}],"wp:attachment":[{"href":"https:\/\/villa-europa-kreta.com\/de\/wp-json\/wp\/v2\/media?parent=920"}],"curies":[{"name":"wp","href":"https:\/\/api.w.org\/{rel}","templated":true}]}}